{"id":336,"date":"2014-04-11T08:35:34","date_gmt":"2014-04-11T08:35:34","guid":{"rendered":"http:\/\/healthbionic.de\/?page_id=336"},"modified":"2015-08-13T09:31:57","modified_gmt":"2015-08-13T09:31:57","slug":"projekte","status":"publish","type":"page","link":"https:\/\/healthbionic.de\/?page_id=336","title":{"rendered":"Projekte"},"content":{"rendered":"<h3>Mensch hilft Biene \u2013 Biene hilft Mensch<\/h3>\n<blockquote><p>\u201eWenn die Biene einmal von der Erde verschwindet, hat der Mensch nur noch vier Jahre zu leben. Keine Bienen mehr, keine Best\u00e4ubung mehr, keine Pflanzen mehr, keine Tiere mehr, keine Menschen mehr&#8230;\u201c<br \/>\nAlbert Einstein<\/p><\/blockquote>\n<h3>\u201eWenn \u00b4s Bienchen summt, ist der Garten (die Welt) gesund\u201c<\/h3>\n<p>Bald, im Fr\u00fchling, fliegen sie im wieder von Bl\u00fcte zu Bl\u00fcte und sorgen daf\u00fcr, dass unsere G\u00e4rten auch in diesem Jahr Fr\u00fcchte tragen und herrlich bl\u00fchen.<br \/>\nAber die Bienen haben es im Moment nicht leicht \u2013 genauso wenig wie ihre anderen N\u00fctzlingskollegen Hummel, Schmetterlinge, Marienk\u00e4fer und Co.<br \/>\nZunehmende Monokulturen, sinkende Artenvielfalt auf europ\u00e4ischen \u00c4ckern und vor allem der immer intensivere Einsatz von Pestiziden f\u00fchren dazu, dass ganze Bienenkolonien und N\u00fctzlinge jedes Jahr sterben. Neben der im Rahmen der Globalisierung aus Asien eingeschleppten Varroamilbe sind es vor allem Pflanzenschutzgifte, die nicht nur das bek\u00e4mpfen, wof\u00fcr sie entwickelt wurden, sondern eine ganze Menge anderer N\u00fctzlinge gleich mit dazu. Aktuell im Gespr\u00e4ch sind vor allem die so genannten Neonicotinoide, bei denen wissenschaftlich die negativen Effekte auf N\u00fctzlinge nachgewiesen wurden. Doch die Politik hat bisher hier kaum reagiert.<br \/>\nDie Folgen sind dramatisch und k\u00f6nnten noch viel dramatischer werden. Der \u00f6sterreichische Dokumentarfilm &#8222;More than honey&#8220; zeigt, wie ernst die Situation ist. In China gibt es bereits ganze Landstriche, in denen Pflanzen nur noch von Hand best\u00e4ubt werden k\u00f6nnen &#8211; weil alle nat\u00fcrlichen Best\u00e4uber durch die hohe Pestizidbelastung ausgestorben sind.<\/p>\n<h3>Was kann getan werden?<\/h3>\n<p>Erwerben Sie bei Beeionic e. V. Mensch hilft Biene \u2013 Biene hilft Mensch eine Bienenvolkpatenschaft zu einem einmaligen Preis von \u20ac 600,00. Bei dieser Patenschaft ist das Bienenvolk aus \u00f6kologischer Bienenhaltung und die Beute, das ist in Zukunft die besondere Bienenkugel, entwickelt von Andreas Heidinger (www.bienenkugel.de), in dem das Volk wohnen wird inkludiert.<br \/>\nDer Verein Beeionic e. V. Mensch hilft Biene \u2013 Biene hilft Mensch hat es sich zum Ziel gesetzt, daran zu forschen, wie den Bienen geholfen werden kann, sich den Einfl\u00fcssen aus der Umwelt, die ihre Gesundheit negativ beeinflussen, zu erwehren. Hierzu gibt es schon Ideen, zum Beispiel mit speziellen phytotherapeutischen Pr\u00e4paraten und elektromagnetischen Schwingungen zu arbeiten. Eine Zusammenarbeit mit anderen interdisziplin\u00e4ren Forschern ist geplant. Ehrenmietglied ist Prof. J\u00fcrgen Tautz, er entwickelt und leitet seit 2006 das interdisziplin\u00e4re Projekt HOneyBee Online Studies. HOBOS (www.hobos.de) ist eine internetbasierte Lehr- und Lernplattform, welche Zugang zu Messdaten aus einem Bienenvolk bietet. Prof. J\u00fcrgen Tautz ist auch Autor des Buches \u201eDer Bien\u201c Aus den Produkten des Bienenvolkes sollen neue Anwendungsm\u00f6glichkeiten f\u00fcr die Gesundheitsf\u00f6rderung des Menschen entwickelt werden.<br \/>\nIhr Bienenvolk bekommt seine Heimat frei oder in einem Bienenhaus, welches ma\u00dfstabsgetreu einer Zelle einer Arbeiterinnenbiene nachgebildet wird, auf einem wundersch\u00f6nen S\u00fcd-West Hanggrundst\u00fcck mit ca. 3 ha, an einem Waldrand eines gro\u00dfen Waldgebietes in Freiling bei Bad Griesbach im Rottal. Hier wird zuk\u00fcnftig das BeeVillage, eine naturinnovative Imkerei und ein ganzheitliches BeeTherapyInstitut entstehen. Vom Grundst\u00fcck schaut man in eine klein b\u00e4uerlich strukturierte Landschaft mit viel Wald und auf Golfpl\u00e4tze. Das Grundst\u00fcck wird mit Bienenfutterpflanzen angebaut und in eine multisensorischen Genussg\u00e4rtnerei \u00fcberf\u00fchrt.<br \/>\nDie Bienenv\u00f6lker werden von erfahrenen Bioimkern betreut. Die j\u00e4hrliche Mitgliedschaft im Beeionic e. V. betr\u00e4gt \u20ac 25,00 und die j\u00e4hrliche Spende \u00fcber die Pflegekosten f\u00fcr die Bienenvolkpatenschaft betr\u00e4gt \u20ac 105,00. Die Bienenvolkpaten werden, wenn gew\u00fcnscht, als Probanden f\u00fcr Honigtests und anderen Testprodukten, zum Beispiel Honig, Propolis und Wachs aus dem Bienenvolk eingeladen.<br \/>\nIhren Namen, oder Ihr Firmenlogo werden wir auf eine Tafel am Bienenhaus schreiben. Es sei denn, Sie wollen anonym bleiben.<br \/>\nEs ist geplant, dass Webcams aufgestellt werden, welch die flei\u00dfigen Bienenv\u00f6lker am Flugloch aufnehmen werden. Diese Aufnahmen k\u00f6nnen Sie begeleitet mit Texten von uns auf Ihre Website einspielen.<br \/>\nEs w\u00fcrde mich sehr freuen, wenn Sie eine Patenschaft f\u00fcr flei\u00dfiges Bienenvolk begleiten und damit einen nicht unerheblichen Beitrag zum Fortbestand aller Lebewesen auf unserer Erde beitragen!<br \/>\nGerne nehme ich Ihre Patenschaften von Bienenv\u00f6lkern entgegen:<\/p>\n<p><strong>Mobil: 0171 &#8211; 7232723<\/strong><br \/>\n<strong> Email\u00a0 info@beeionic.de<\/strong><\/p>\n<p>Mit summenden Gr\u00fc\u00dfen, Ihr<\/p>\n<p>Robert Krauss<\/p>\n","protected":false},"excerpt":{"rendered":"<p>Mensch hilft Biene \u2013 Biene hilft Mensch \u201eWenn die Biene einmal von der Erde verschwindet, hat der Mensch nur noch vier Jahre zu leben. Keine Bienen mehr, keine Best\u00e4ubung mehr, keine Pflanzen mehr, keine Tiere mehr, keine Menschen mehr&#8230;\u201c Albert Einstein \u201eWenn \u00b4s Bienchen summt, ist der Garten (die Welt) gesund\u201c Bald, im Fr\u00fchling, fliegen [&hellip;]<\/p>\n","protected":false},"author":1,"featured_media":0,"parent":334,"menu_order":0,"comment_status":"closed","ping_status":"closed","template":"templates\/page-fullwidth.php","meta":{"footnotes":""},"class_list":["post-336","page","type-page","status-publish","hentry"],"_links":{"self":[{"href":"https:\/\/healthbionic.de\/index.php?rest_route=\/wp\/v2\/pages\/336","targetHints":{"allow":["GET"]}}],"collection":[{"href":"https:\/\/healthbionic.de\/index.php?rest_route=\/wp\/v2\/pages"}],"about":[{"href":"https:\/\/healthbionic.de\/index.php?rest_route=\/wp\/v2\/types\/page"}],"author":[{"embeddable":true,"href":"https:\/\/healthbionic.de\/index.php?rest_route=\/wp\/v2\/users\/1"}],"replies":[{"embeddable":true,"href":"https:\/\/healthbionic.de\/index.php?rest_route=%2Fwp%2Fv2%2Fcomments&post=336"}],"version-history":[{"count":5,"href":"https:\/\/healthbionic.de\/index.php?rest_route=\/wp\/v2\/pages\/336\/revisions"}],"predecessor-version":[{"id":601,"href":"https:\/\/healthbionic.de\/index.php?rest_route=\/wp\/v2\/pages\/336\/revisions\/601"}],"up":[{"embeddable":true,"href":"https:\/\/healthbionic.de\/index.php?rest_route=\/wp\/v2\/pages\/334"}],"wp:attachment":[{"href":"https:\/\/healthbionic.de\/index.php?rest_route=%2Fwp%2Fv2%2Fmedia&parent=336"}],"curies":[{"name":"wp","href":"https:\/\/api.w.org\/{rel}","templated":true}]}}