{"id":503,"date":"2014-06-06T09:35:13","date_gmt":"2014-06-06T07:35:13","guid":{"rendered":"http:\/\/healthbionic.de\/?page_id=503"},"modified":"2023-04-23T10:46:45","modified_gmt":"2023-04-23T08:46:45","slug":"impressum","status":"publish","type":"page","link":"https:\/\/healthbionic.de\/?page_id=503","title":{"rendered":"Impressum"},"content":{"rendered":"<p>Beeionic e.V.<br \/>\nPostberg 20<br \/>\n94086 Bad Griesbach<br \/>\nDeutschland<\/p>\n<p>Tel.: 08532\/920516<br \/>\nE-Mail: info@beeionic.de<\/p>\n<p>Registergericht: Amtsgericht Passau<br \/>\nRegisternummer: VR 200558<\/p>\n<p>Vertretungsberechtigter Vorstand:<br \/>\nKrauss Robert (1. Vorsitzender)<br \/>\nBad Griesbach<br \/>\nSch\u00f6berl Monika (2. Vorsitzender)<br \/>\nEgglham (3. Vorsitzender)<\/p>\n<p>Umsatzsteuer-Identifikationsnummer gem\u00e4\u00df \u00a7 27 a Umsatzsteuergesetz: DE 29 4611 638<\/p>\n<p>Plattform der EU-Kommission zur Online-Streitbeilegung:\u00a0<a href=\"https:\/\/ec.europa.eu\/odr\" target=\"_blank\" rel=\"noopener noreferrer\">https:\/\/ec.europa.eu\/odr<\/a><\/p>\n<p>Wir sind zur Teilnahme an einem Streitbeilegungsverfahren vor einer Verbraucherschlichtungsstelle weder verpflichtet noch bereit.<\/p>\n<p>Verantwortliche\/r i.S.d. \u00a7 55 Abs. 2 RStV:<br \/>\nKrauss Robert, Postberg 20, 94086 Bad Griesbach<\/p>\n","protected":false},"excerpt":{"rendered":"<p>Beeionic e.V. Postberg 20 94086 Bad Griesbach Deutschland Tel.: 08532\/920516 E-Mail: info@beeionic.de Registergericht: Amtsgericht Passau Registernummer: VR 200558 Vertretungsberechtigter Vorstand: Krauss Robert (1. Vorsitzender) Bad Griesbach Sch\u00f6berl Monika (2. Vorsitzender) Egglham (3. Vorsitzender) Umsatzsteuer-Identifikationsnummer gem\u00e4\u00df \u00a7 27 a Umsatzsteuergesetz: DE 29 4611 638 Plattform der EU-Kommission zur Online-Streitbeilegung:\u00a0https:\/\/ec.europa.eu\/odr Wir sind zur Teilnahme an einem Streitbeilegungsverfahren [&hellip;]<\/p>\n","protected":false},"author":2,"featured_media":0,"parent":293,"menu_order":0,"comment_status":"closed","ping_status":"closed","template":"templates\/page-fullwidth.php","meta":{"footnotes":""},"class_list":["post-503","page","type-page","status-publish","hentry"],"_links":{"self":[{"href":"https:\/\/healthbionic.de\/index.php?rest_route=\/wp\/v2\/pages\/503","targetHints":{"allow":["GET"]}}],"collection":[{"href":"https:\/\/healthbionic.de\/index.php?rest_route=\/wp\/v2\/pages"}],"about":[{"href":"https:\/\/healthbionic.de\/index.php?rest_route=\/wp\/v2\/types\/page"}],"author":[{"embeddable":true,"href":"https:\/\/healthbionic.de\/index.php?rest_route=\/wp\/v2\/users\/2"}],"replies":[{"embeddable":true,"href":"https:\/\/healthbionic.de\/index.php?rest_route=%2Fwp%2Fv2%2Fcomments&post=503"}],"version-history":[{"count":9,"href":"https:\/\/healthbionic.de\/index.php?rest_route=\/wp\/v2\/pages\/503\/revisions"}],"predecessor-version":[{"id":624,"href":"https:\/\/healthbionic.de\/index.php?rest_route=\/wp\/v2\/pages\/503\/revisions\/624"}],"up":[{"embeddable":true,"href":"https:\/\/healthbionic.de\/index.php?rest_route=\/wp\/v2\/pages\/293"}],"wp:attachment":[{"href":"https:\/\/healthbionic.de\/index.php?rest_route=%2Fwp%2Fv2%2Fmedia&parent=503"}],"curies":[{"name":"wp","href":"https:\/\/api.w.org\/{rel}","templated":true}]}}